{"id":4416,"date":"2023-08-09T09:23:40","date_gmt":"2023-08-09T07:23:40","guid":{"rendered":"https:\/\/www.ramona-kupferschmied.ch\/impressum\/"},"modified":"2023-08-09T09:37:11","modified_gmt":"2023-08-09T07:37:11","slug":"imprint","status":"publish","type":"page","link":"https:\/\/www.ramona-kupferschmied.ch\/en\/imprint\/","title":{"rendered":"Imprint"},"content":{"rendered":"<h3>Verantwortlich f\u00fcr den Inhalt<\/h3>\n<p>Ramona Kupferschmied<br \/>\nTalbodenweg 12B<br \/>\n3700 Spiez<\/p>\n<p>E-Mail: <a href=\"mailto:info@ramona-kupferschmied.ch\">info@ramona-kupferschmied.ch<\/a><\/p>\n<h3>Webdesign, Webentwicklung und Hosting<\/h3>\n<p>Valpix GmbH<br \/>\nKehrstrasse 12<br \/>\n3904 Naters<\/p>\n<p>Telefon: +41 27 924 60 82<br \/>\nE-Mail: <a href=\"mailto:hallo@valpix.ch\">hallo@valpix.ch<\/a><br \/>\nWebsite: <a href=\"https:\/\/www.valpix.ch\/\" target=\"_blank\" rel=\"noopener\">www.valpix.ch<\/a><\/p>\n<p><a href=\"https:\/\/www.valpix.ch\/\" target=\"_blank\" rel=\"noopener\">Agentur f\u00fcr professionelle Webseiten mit WordPress<\/a><\/p>\n<h3>Haftungshinweis<\/h3>\n<p>Der Inhalt dieser Webseiten wird mit gr\u00f6sstm\u00f6glicher Sorgfalt gepflegt. Trotzdem wird f\u00fcr den Inhalt keine Haftung \u00fcbernommen. Druckfehler, Irrt\u00fcmer und \u00c4nderungen vorbehalten. Der Inhalt ist urheberrechtlich gesch\u00fctzt. F\u00fcr die Inhalte externer Links \u00fcbernehmen wir keine Haftung. F\u00fcr den Inhalt der verlinkten Seiten sind ausschliesslich deren Betreiber verantwortlich<\/p>\n","protected":false},"excerpt":{"rendered":"<p>Verantwortlich f\u00fcr den Inhalt Ramona Kupferschmied Talbodenweg 12B 3700 Spiez E-Mail: info@ramona-kupferschmied.ch Webdesign, Webentwicklung und Hosting Valpix GmbH Kehrstrasse 12 3904 Naters Telefon: +41 27 [&hellip;]<\/p>\n","protected":false},"author":2,"featured_media":0,"parent":0,"menu_order":0,"comment_status":"closed","ping_status":"closed","template":"stardardseiteohneslider-template.php","meta":{"_acf_changed":false,"footnotes":""},"class_list":["post-4416","page","type-page","status-publish","hentry"],"acf":[],"meta_box":{"2012":"","2013":"","2014":"","2015":"","2016":"","2017":"","2018":"","2019":"","2020":"","slide":[]},"_links":{"self":[{"href":"https:\/\/www.ramona-kupferschmied.ch\/en\/wp-json\/wp\/v2\/pages\/4416","targetHints":{"allow":["GET"]}}],"collection":[{"href":"https:\/\/www.ramona-kupferschmied.ch\/en\/wp-json\/wp\/v2\/pages"}],"about":[{"href":"https:\/\/www.ramona-kupferschmied.ch\/en\/wp-json\/wp\/v2\/types\/page"}],"author":[{"embeddable":true,"href":"https:\/\/www.ramona-kupferschmied.ch\/en\/wp-json\/wp\/v2\/users\/2"}],"replies":[{"embeddable":true,"href":"https:\/\/www.ramona-kupferschmied.ch\/en\/wp-json\/wp\/v2\/comments?post=4416"}],"version-history":[{"count":1,"href":"https:\/\/www.ramona-kupferschmied.ch\/en\/wp-json\/wp\/v2\/pages\/4416\/revisions"}],"predecessor-version":[{"id":4417,"href":"https:\/\/www.ramona-kupferschmied.ch\/en\/wp-json\/wp\/v2\/pages\/4416\/revisions\/4417"}],"wp:attachment":[{"href":"https:\/\/www.ramona-kupferschmied.ch\/en\/wp-json\/wp\/v2\/media?parent=4416"}],"curies":[{"name":"wp","href":"https:\/\/api.w.org\/{rel}","templated":true}]}}